{"id":6,"date":"2025-02-24T21:20:04","date_gmt":"2025-02-24T21:20:04","guid":{"rendered":"https:\/\/copywriting.dk\/?page_id=6"},"modified":"2025-03-01T22:23:28","modified_gmt":"2025-03-01T22:23:28","slug":"6-2","status":"publish","type":"page","link":"https:\/\/copywriting.dk\/","title":{"rendered":"Forside"},"content":{"rendered":"\n<p><\/p>\n\n\n<div class=\"aligncenter wp-block-site-logo\"><img loading=\"lazy\" decoding=\"async\" width=\"300\" height=\"66\" src=\"https:\/\/copywriting.dk\/wp-content\/uploads\/2025\/02\/Copywriting_logo.png\" class=\"custom-logo\" alt=\"copywriting.dk\" srcset=\"https:\/\/copywriting.dk\/wp-content\/uploads\/2025\/02\/Copywriting_logo.png 800w, https:\/\/copywriting.dk\/wp-content\/uploads\/2025\/02\/Copywriting_logo-300x67.png 300w, https:\/\/copywriting.dk\/wp-content\/uploads\/2025\/02\/Copywriting_logo-768x171.png 768w\" sizes=\"auto, (max-width: 300px) 100vw, 300px\" \/><\/div>\n\n\n<div class=\"wp-block-group alignfull has-global-padding is-layout-constrained wp-block-group-is-layout-constrained\" style=\"margin-top:0;margin-bottom:0;padding-top:var(--wp--preset--spacing--50);padding-bottom:var(--wp--preset--spacing--50)\">\n<div class=\"wp-block-columns alignwide is-layout-flex wp-container-core-columns-is-layout-1 wp-block-columns-is-layout-flex\">\n<div class=\"wp-block-column is-vertically-aligned-center is-layout-flow wp-block-column-is-layout-flow\">\n<h2 class=\"wp-block-heading has-xx-large-font-size\">Bliv en skarpere copywriter \u2013 uden at knokle un\u00f8digt<\/h2>\n\n\n\n<p class=\"has-medium-font-size\">Har du nogensinde t\u00e6nkt over, hvorfor nogle tekster suger dig ind og f\u00e5r dig til at handle \u2013 mens andre bare f\u00f8les flade? Copywriting handler ikke om at skrive lange, flotte s\u00e6tninger, men om at forst\u00e5, hvad der virkelig f\u00e5r folk til at reagere.<\/p>\n\n\n\n<p class=\"has-medium-font-size\">Denne bog giver dig de vigtigste principper, teknikker og eksempler, s\u00e5 du kan skrive tekster, der s\u00e6lger, overbeviser og engagerer \u2013 uanset om det er til annoncer, e-mails, hjemmesider eller sociale medier.<\/p>\n\n\n\n<p class=\"has-medium-font-size\">Drop fluffet. F\u00e5 de konkrete v\u00e6rkt\u00f8jer. Og begynd at skrive tekster, der virker.<\/p>\n<\/div>\n\n\n\n<div class=\"wp-block-column is-vertically-aligned-center is-layout-flow wp-block-column-is-layout-flow\">\n<figure class=\"wp-block-image size-full\"><img loading=\"lazy\" decoding=\"async\" width=\"928\" height=\"1232\" src=\"https:\/\/copywriting.dk\/wp-content\/uploads\/2025\/03\/Copywriting.png\" alt=\"\" class=\"wp-image-28\" style=\"aspect-ratio:1;object-fit:cover\" srcset=\"https:\/\/copywriting.dk\/wp-content\/uploads\/2025\/03\/Copywriting.png 928w, https:\/\/copywriting.dk\/wp-content\/uploads\/2025\/03\/Copywriting-226x300.png 226w, https:\/\/copywriting.dk\/wp-content\/uploads\/2025\/03\/Copywriting-771x1024.png 771w, https:\/\/copywriting.dk\/wp-content\/uploads\/2025\/03\/Copywriting-768x1020.png 768w\" sizes=\"auto, (max-width: 928px) 100vw, 928px\" \/><\/figure>\n<\/div>\n<\/div>\n<\/div>\n\n\n\n<div class=\"wp-block-group alignfull has-global-padding is-layout-constrained wp-block-group-is-layout-constrained\" style=\"margin-top:0;margin-bottom:0\">\n<div class=\"wp-block-group alignwide is-layout-flow wp-container-core-group-is-layout-4 wp-block-group-is-layout-flow\" style=\"padding-top:var(--wp--preset--spacing--50);padding-bottom:var(--wp--preset--spacing--50)\">\n<h2 class=\"wp-block-heading has-x-large-font-size\">Sp\u00f8rgsm\u00e5l?<\/h2>\n\n\n\n<div class=\"wp-block-columns is-layout-flex wp-container-core-columns-is-layout-2 wp-block-columns-is-layout-flex\">\n<div class=\"wp-block-column is-layout-flow wp-block-column-is-layout-flow\">\n<div class=\"wp-block-group is-layout-flow wp-block-group-is-layout-flow\" style=\"border-top-color:var(--wp--preset--color--accent-6);border-top-width:1px;padding-top:var(--wp--preset--spacing--30);padding-bottom:var(--wp--preset--spacing--30)\">\n<p>S\u00e5 udfyld kontaktformularen her: <\/p>\n\n\n\n<p><\/p>\n<\/div>\n<\/div>\n\n\n\n<div class=\"wp-block-column is-layout-flow wp-block-column-is-layout-flow\">\n<div class=\"wp-block-group is-layout-flow wp-block-group-is-layout-flow\" style=\"border-top-color:var(--wp--preset--color--accent-6);border-top-width:1px;padding-top:var(--wp--preset--spacing--30);padding-bottom:var(--wp--preset--spacing--30)\">\n<div class=\"wpcf7 no-js\" id=\"wpcf7-f10-o1\" lang=\"da-DK\" dir=\"ltr\" data-wpcf7-id=\"10\">\n<div class=\"screen-reader-response\"><p role=\"status\" aria-live=\"polite\" aria-atomic=\"true\"><\/p> <ul><\/ul><\/div>\n<form action=\"\/index.php?rest_route=%2Fwp%2Fv2%2Fpages%2F6#wpcf7-f10-o1\" method=\"post\" class=\"wpcf7-form init\" aria-label=\"Kontaktformular\" novalidate=\"novalidate\" data-status=\"init\">\n<div style=\"display: none;\">\n<input type=\"hidden\" name=\"_wpcf7\" value=\"10\" \/>\n<input type=\"hidden\" name=\"_wpcf7_version\" value=\"6.0.4\" \/>\n<input type=\"hidden\" name=\"_wpcf7_locale\" value=\"da_DK\" \/>\n<input type=\"hidden\" name=\"_wpcf7_unit_tag\" value=\"wpcf7-f10-o1\" \/>\n<input type=\"hidden\" name=\"_wpcf7_container_post\" value=\"0\" \/>\n<input type=\"hidden\" name=\"_wpcf7_posted_data_hash\" value=\"\" \/>\n<\/div>\n<p><label> Dit navn<br \/>\n<span class=\"wpcf7-form-control-wrap\" data-name=\"your-name\"><input size=\"40\" maxlength=\"400\" class=\"wpcf7-form-control wpcf7-text wpcf7-validates-as-required\" autocomplete=\"name\" aria-required=\"true\" aria-invalid=\"false\" value=\"\" type=\"text\" name=\"your-name\" \/><\/span> <\/label>\n<\/p>\n<p><label> Din e-mail<br \/>\n<span class=\"wpcf7-form-control-wrap\" data-name=\"your-email\"><input size=\"40\" maxlength=\"400\" class=\"wpcf7-form-control wpcf7-email wpcf7-validates-as-required wpcf7-text wpcf7-validates-as-email\" autocomplete=\"email\" aria-required=\"true\" aria-invalid=\"false\" value=\"\" type=\"email\" name=\"your-email\" \/><\/span> <\/label>\n<\/p>\n<p><label> Emne<br \/>\n<span class=\"wpcf7-form-control-wrap\" data-name=\"your-subject\"><input size=\"40\" maxlength=\"400\" class=\"wpcf7-form-control wpcf7-text wpcf7-validates-as-required\" aria-required=\"true\" aria-invalid=\"false\" value=\"\" type=\"text\" name=\"your-subject\" \/><\/span> <\/label>\n<\/p>\n<p><label> Din besked (valgfri)<br \/>\n<span class=\"wpcf7-form-control-wrap\" data-name=\"your-message\"><textarea cols=\"40\" rows=\"10\" maxlength=\"2000\" class=\"wpcf7-form-control wpcf7-textarea\" aria-invalid=\"false\" name=\"your-message\"><\/textarea><\/span> <\/label>\n<\/p>\n<p><input class=\"wpcf7-form-control wpcf7-submit has-spinner\" type=\"submit\" value=\"Send\" \/>\n<\/p><div class=\"wpcf7-response-output\" aria-hidden=\"true\"><\/div>\n<\/form>\n<\/div>\n\n<\/div>\n<\/div>\n<\/div>\n<\/div>\n\n\n\n<p class=\"has-text-align-center\">Copyright 2025<\/p>\n<\/div>\n","protected":false},"excerpt":{"rendered":"<p>Bliv en skarpere copywriter \u2013 uden at knokle un\u00f8digt Har du nogensinde t\u00e6nkt over, hvorfor nogle tekster suger dig ind og f\u00e5r dig til at handle \u2013 mens andre bare f\u00f8les flade? Copywriting handler ikke om at skrive lange, flotte s\u00e6tninger, men om at forst\u00e5, hvad der virkelig f\u00e5r folk til at reagere. Denne bog [&hellip;]<\/p>\n","protected":false},"author":1,"featured_media":0,"parent":0,"menu_order":0,"comment_status":"closed","ping_status":"closed","template":"test","meta":{"footnotes":""},"class_list":["post-6","page","type-page","status-publish","hentry"],"_links":{"self":[{"href":"https:\/\/copywriting.dk\/index.php?rest_route=\/wp\/v2\/pages\/6","targetHints":{"allow":["GET"]}}],"collection":[{"href":"https:\/\/copywriting.dk\/index.php?rest_route=\/wp\/v2\/pages"}],"about":[{"href":"https:\/\/copywriting.dk\/index.php?rest_route=\/wp\/v2\/types\/page"}],"author":[{"embeddable":true,"href":"https:\/\/copywriting.dk\/index.php?rest_route=\/wp\/v2\/users\/1"}],"replies":[{"embeddable":true,"href":"https:\/\/copywriting.dk\/index.php?rest_route=%2Fwp%2Fv2%2Fcomments&post=6"}],"version-history":[{"count":10,"href":"https:\/\/copywriting.dk\/index.php?rest_route=\/wp\/v2\/pages\/6\/revisions"}],"predecessor-version":[{"id":29,"href":"https:\/\/copywriting.dk\/index.php?rest_route=\/wp\/v2\/pages\/6\/revisions\/29"}],"wp:attachment":[{"href":"https:\/\/copywriting.dk\/index.php?rest_route=%2Fwp%2Fv2%2Fmedia&parent=6"}],"curies":[{"name":"wp","href":"https:\/\/api.w.org\/{rel}","templated":true}]}}